{"id":38093,"date":"2024-04-30T07:45:25","date_gmt":"2024-04-30T07:45:25","guid":{"rendered":"https:\/\/theme-dev.cmsmasters.net\/archdeco\/?page_id=38093"},"modified":"2025-12-14T19:59:10","modified_gmt":"2025-12-14T19:59:10","slug":"checklist","status":"publish","type":"page","link":"https:\/\/fejlesztes.heimstudio.hu\/de\/checklist\/","title":{"rendered":"Checklist"},"content":{"rendered":"<div data-elementor-type=\"wp-page\" data-elementor-id=\"38093\" class=\"elementor elementor-38093\" data-elementor-post-type=\"page\">\n\t\t\t\t<div class=\"elementor-element elementor-element-4b673f9 e-con-full e-flex cmsmasters-block-default e-con e-parent\" data-id=\"4b673f9\" data-element_type=\"container\" data-settings=\"{&quot;background_background&quot;:&quot;classic&quot;}\">\n\t\t<div class=\"elementor-element elementor-element-169c2ad e-con-full e-flex cmsmasters-block-default e-con e-child\" data-id=\"169c2ad\" data-element_type=\"container\">\n\t\t<div class=\"elementor-element elementor-element-9beb498 e-flex e-con-boxed cmsmasters-block-default e-con e-child\" data-id=\"9beb498\" data-element_type=\"container\">\n\t\t\t\t\t<div class=\"e-con-inner\">\n\t\t<div class=\"elementor-element elementor-element-4430354 e-flex e-con-boxed cmsmasters-block-default e-con e-child\" data-id=\"4430354\" data-element_type=\"container\">\n\t\t\t\t\t<div class=\"e-con-inner\">\n\t\t\t\t<div data-separate-animation-selector=\".elementor-widget-cmsmasters-featured-box__icon-wrap, .elementor-widget-cmsmasters-featured-box__image-wrap, .elementor-widget-cmsmasters-featured-box__title, .elementor-widget-cmsmasters-featured-box__description, .elementor-widget-cmsmasters-featured-box__button-wrapper\" data-text-animation-class=\"sequental, random\" class=\"elementor-element elementor-element-d1bb40d cmsmasters-featured-box__graphic-align-left cmsmasters-featured-box__graphic-position-row cmsmasters-featured-box__graphic-position-v-middle elementor-widget__width-auto cmsmasters-featured-box__graphic-position-tablet-row cmsmasters-featured-box__graphic-position-mobile-row cmsmasters-featured-box__text-valign-middle cmsmasters-block-default cmsmasters-sticky-default elementor-widget elementor-widget-cmsmasters-featured-box\" data-id=\"d1bb40d\" data-element_type=\"widget\" data-widget_type=\"cmsmasters-featured-box.default\">\n\t\t\t\t\t<div class=\"elementor-widget-cmsmasters-featured-box__wrapper\"><div class=\"elementor-widget-cmsmasters-featured-box__content\">\r\n\t\t\t\t<div class=\"elementor-widget-cmsmasters-featured-box__content-vertical-inner\"><div class=\"elementor-widget-cmsmasters-featured-box__graphic-wrapper elementor-widget-cmsmasters-featured-box__content-item elementor-widget-cmsmasters-featured-box__icon\"><h2 class=\"elementor-widget-cmsmasters-featured-box__title elementor-widget-cmsmasters-featured-box__content-item\">Checklist<\/h2><div class=\"elementor-widget-cmsmasters-featured-box__icon-wrap elementor-widget-cmsmasters-featured-box__graphic-item\"><svg aria-hidden=\"true\" class=\"e-font-icon-svg e-fas-circle\" viewbox=\"0 0 512 512\" xmlns=\"http:\/\/www.w3.org\/2000\/svg\"><path d=\"M256 8C119 8 8 119 8 256s111 248 248 248 248-111 248-248S393 8 256 8z\"><\/path><\/svg><\/div><\/div><div class=\"elementor-widget-cmsmasters-featured-box__type-wrap elementor-widget-cmsmasters-featured-box__content-item\"><h2 class=\"elementor-widget-cmsmasters-featured-box__title elementor-widget-cmsmasters-featured-box__content-item\">Checklist<\/h2><\/div>\r\n\t\t\t\t<\/div>\r\n\t\t\t<\/div>\r\n\t\t<\/div>\t\t\t\t<\/div>\n\t\t\t\t<div class=\"elementor-element elementor-element-1eac065 cmsmasters-block-default cmsmasters-sticky-default elementor-widget elementor-widget-heading\" data-id=\"1eac065\" data-element_type=\"widget\" data-widget_type=\"heading.default\">\n\t\t\t\t\t<h1 class=\"elementor-heading-title elementor-size-default\">2026-ban lakberendez\u0151t v\u00e1lasztasz?<\/h1>\t\t\t\t<\/div>\n\t\t\t\t\t<\/div>\n\t\t\t\t<\/div>\n\t\t\t\t<div class=\"elementor-element elementor-element-2080fc5 cmsmasters-block-default cmsmasters-sticky-default elementor-widget elementor-widget-text-editor\" data-id=\"2080fc5\" data-element_type=\"widget\" data-widget_type=\"text-editor.default\">\n\t\t\t\t\t\t\t\t\t<p>A PDF egy gyakorlatias, v\u00e9gigvezet\u0151 \u00fatmutat\u00f3 arr\u00f3l, hogyan v\u00e1lassz 2026-ban lakberendez\u0151t \u00fagy, hogy ne csak \u201esz\u00e9p l\u00e1tv\u00e1nytervet\u201d kapj, hanem m\u0171k\u00f6d\u0151k\u00e9pes, kivitelezhet\u0151 \u00e9s k\u00f6lts\u00e9gben is tervezhet\u0151 megold\u00e1st. Kifejezetten azoknak sz\u00f3l, akik sok inspir\u00e1ci\u00f3t gy\u0171jtenek online (Pinterest, lakberendez\u00e9si oldalak), de nehezen tudj\u00e1k meg\u00edt\u00e9lni, mi mennyire re\u00e1lis a saj\u00e1t ter\u00fckben \u00e9s keret\u00fckben.<\/p>\t\t\t\t\t\t\t\t<\/div>\n\t\t\t\t\t<\/div>\n\t\t\t\t<\/div>\n\t\t<div class=\"elementor-element elementor-element-6a811e7 e-con-full e-flex cmsmasters-block-default e-con e-child\" data-id=\"6a811e7\" data-element_type=\"container\">\n\t\t<div class=\"elementor-element elementor-element-ef0b50f e-flex e-con-boxed cmsmasters-block-default e-con e-child\" data-id=\"ef0b50f\" data-element_type=\"container\">\n\t\t\t\t\t<div class=\"e-con-inner\">\n\t\t\t\t<div class=\"elementor-element elementor-element-4e3809b cmsmasters-block-default cmsmasters-sticky-default elementor-widget elementor-widget-shortcode\" data-id=\"4e3809b\" data-element_type=\"widget\" data-widget_type=\"shortcode.default\">\n\t\t\t\t\t\t\t<div class=\"elementor-shortcode\"><div class='fluentform ff-default fluentform_wrapper_7 ffs_default_wrap'><form data-form_id=\"7\" id=\"fluentform_7\" class=\"frm-fluent-form fluent_form_7 ff-el-form-top ff_form_instance_7_1 ff-form-loading ffs_default\" data-form_instance=\"ff_form_instance_7_1\" method=\"POST\" action=\"\" ><fieldset  style=\"border: none!important;margin: 0!important;padding: 0!important;background-color: transparent!important;box-shadow: none!important;outline: none!important; min-inline-size: 100%;\">\n                    <legend class=\"ff_screen_reader_title\" style=\"display: block; margin: 0!important;padding: 0!important;height: 0!important;text-indent: -999999px;width: 0!important;overflow:hidden;\">Lead magnet feliratkoz\u00f3k<\/legend><input type='hidden' name='__fluent_form_embded_post_id' value='38093' \/><input type=\"hidden\" id=\"_fluentform_7_fluentformnonce\" name=\"_fluentform_7_fluentformnonce\" value=\"8338f135e4\" \/><input type=\"hidden\" name=\"_wp_http_referer\" value=\"\/de\/wp-json\/wp\/v2\/pages\/38093\" \/><div data-type=\"name-element\" data-name=\"names\" class=\"ff-field_container ff-name-field-wrapper\" ><div class='ff-t-container'><div class='ff-t-cell'><div class='ff-el-group'><div class=\"ff-el-input--label asterisk-right\"><label for='ff_7_names_first_name_' id='label_ff_7_names_first_name_' >Keresztn\u00e9v<\/label><\/div><div class='ff-el-input--content'><input type=\"text\" name=\"names[first_name]\" id=\"ff_7_names_first_name_\" class=\"ff-el-form-control\" placeholder=\"Keresztn\u00e9v\" aria-invalid=\"false\" aria-required=\"false\"><\/div><\/div><\/div><div class='ff-t-cell'><div class='ff-el-group'><div class=\"ff-el-input--label asterisk-right\"><label for='ff_7_names_last_name_' id='label_ff_7_names_last_name_' >Ut\u00f3n\u00e9v<\/label><\/div><div class='ff-el-input--content'><input type=\"text\" name=\"names[last_name]\" id=\"ff_7_names_last_name_\" class=\"ff-el-form-control\" placeholder=\"Ut\u00f3n\u00e9v\" aria-invalid=\"false\" aria-required=\"false\"><\/div><\/div><\/div><\/div><\/div><div class='ff-el-group'><div class=\"ff-el-input--label ff-el-is-required asterisk-right\"><label for='ff_7_email' id='label_ff_7_email' aria-label=\"Email\">Email<\/label><\/div><div class='ff-el-input--content'><input type=\"email\" name=\"email\" id=\"ff_7_email\" class=\"ff-el-form-control\" placeholder=\"Email\" data-name=\"email\"  aria-invalid=\"false\" aria-required=\"true\"><\/div><\/div><div class='ff-el-group'><div class=\"ff-el-input--label asterisk-right\"><label   aria-label=\"Tervez k\u00f6zeljv\u0151ben lak\u00e1st berendezni?\">Tervez k\u00f6zeljv\u0151ben lak\u00e1st berendezni?<\/label><\/div><div class='ff-el-input--content'><div class='ff-el-form-check ff-el-form-check-'><label class='ff-el-form-check-label'><input  type=\"checkbox\" name=\"checkbox[]\" data-name=\"checkbox\" class=\"ff-el-form-check-input ff-el-form-check-checkbox\" value=\"Igen\"  id='checkbox_167a448878bae090c0a9609ad4aaf7c9' aria-label='Igen' aria-invalid='false' aria-required=\"false\"> <span>Igen<\/span><\/label><\/div><div class='ff-el-form-check ff-el-form-check-'><label class='ff-el-form-check-label'><input  type=\"checkbox\" name=\"checkbox[]\" data-name=\"checkbox\" class=\"ff-el-form-check-input ff-el-form-check-checkbox\" value=\"Nem\"  id='checkbox_bea3fdc21ca1fa93cbb2e454783eaab0' aria-label='Nem' aria-invalid='false' aria-required=\"false\"> <span>Nem<\/span><\/label><\/div><\/div><\/div><div class='ff-el-group'><div class='ff-el-input--content'><div class='ff-el-form-check ff-el-form-check-'><label class='ff-el-form-check-label'><input  type=\"checkbox\" name=\"checkbox_1[]\" data-name=\"checkbox_1\" class=\"ff-el-form-check-input ff-el-form-check-checkbox\" value=\"Szeretn\u00e9k \u00e9rtes\u00fclni fontos friss\u00edt\u00e9sekr\u0151l \u00e9s hasznos anyagokr\u00f3l.\"  id='checkbox_1_ea4db99a95f0917abe117dfa8e2cc456' aria-label='Szeretn\u00e9k \u00e9rtes\u00fclni fontos friss\u00edt\u00e9sekr\u0151l \u00e9s hasznos anyagokr\u00f3l.' aria-invalid='false' aria-required=\"false\"> <span>Szeretn\u00e9k \u00e9rtes\u00fclni fontos friss\u00edt\u00e9sekr\u0151l \u00e9s hasznos anyagokr\u00f3l.<\/span><\/label><\/div><\/div><\/div><div class='ff-el-group    ff-el-input--content'><div class='ff-el-form-check ff-el-tc'><label aria-label='Terms and Conditions: Elolvastam \u00e9s elfogadom az \u00c1ltal\u00e1nos Szerz\u0151d\u00e9si Felt\u00e9telekben \u00e9s az Adatv\u00e9delmi nyilatkozatban foglaltakat. Contains 2 links. Use tab navigation to review.' class='ff-el-form-check-label ff_tc_label' for=\"terms-n-condition_5e66c9f1bd5f79f4b7f41889e540bd56\"><span class='ff_tc_checkbox'><input type=\"checkbox\" name=\"terms-n-condition\" class=\"ff-el-form-check-input\" data-name=\"terms-n-condition\" id=\"terms-n-condition_5e66c9f1bd5f79f4b7f41889e540bd56\"  value='on' aria-invalid='false' aria-required=\"true\"><\/span> <div class='ff_t_c'><p>Elolvastam \u00e9s elfogadom az <a href=\"https:\/\/fejlesztes.heimstudio.hu\/de\/altalanos-szerzodesi-feltetelek\/\">\u00c1ltal\u00e1nos Szerz\u0151d\u00e9si Felt\u00e9telek<\/a>ben \u00e9s az <a href=\"https:\/\/fejlesztes.heimstudio.hu\/de\/adatvedelmi-nyilatkozat\/\">Adatv\u00e9delmi nyilatkozat<\/a>ban foglaltakat.<\/p><\/div><\/label><\/div><\/div><div class='ff-el-group ff-text-left ff_submit_btn_wrapper'><button type=\"submit\" class=\"ff-btn ff-btn-submit ff-btn-md ff_btn_style wpf_has_custom_css\"  aria-label=\"Checklist ig\u00e9nyl\u00e9se\">Checklist ig\u00e9nyl\u00e9se<\/button><\/div><\/fieldset><input type=\"hidden\" name=\"trp-form-language\" value=\"de\"\/><\/form><div id='fluentform_7_errors' class='ff-errors-in-stack ff_form_instance_7_1 ff-form-loading_errors ff_form_instance_7_1_errors'><\/div><\/div>            <script type=\"text\/javascript\">\n                window.fluent_form_ff_form_instance_7_1 = {\"id\":\"7\",\"settings\":{\"layout\":{\"labelPlacement\":\"top\",\"asteriskPlacement\":\"asterisk-right\",\"helpMessagePlacement\":\"with_label\",\"errorMessagePlacement\":\"inline\",\"cssClassName\":\"\"},\"restrictions\":{\"denyEmptySubmission\":{\"enabled\":false}}},\"form_instance\":\"ff_form_instance_7_1\",\"form_id_selector\":\"fluentform_7\",\"rules\":{\"names[first_name]\":{\"required\":{\"value\":false,\"message\":\"This field is required\",\"global\":true,\"global_message\":\"Ez egy k\\u00f6telez\\u0151 mez\\u0151\"}},\"names[middle_name]\":{\"required\":{\"value\":false,\"message\":\"This field is required\",\"global\":true,\"global_message\":\"Ez egy k\\u00f6telez\\u0151 mez\\u0151\"}},\"names[last_name]\":{\"required\":{\"value\":false,\"message\":\"This field is required\",\"global\":true,\"global_message\":\"Ez egy k\\u00f6telez\\u0151 mez\\u0151\"}},\"email\":{\"required\":{\"value\":true,\"message\":\"This field is required\",\"global\":true,\"global_message\":\"Ez egy k\\u00f6telez\\u0151 mez\\u0151\"},\"email\":{\"value\":true,\"message\":\"This field must contain a valid email\",\"global\":true,\"global_message\":\"A mez\\u0151nek \\u00e9rv\\u00e9nyes emailc\\u00edmet kell tartalmaznia\"}},\"checkbox\":{\"required\":{\"value\":false,\"message\":\"This field is required\",\"global_message\":\"Ez egy k\\u00f6telez\\u0151 mez\\u0151\",\"global\":true}},\"checkbox_1\":{\"required\":{\"value\":false,\"message\":\"This field is required\",\"global_message\":\"Ez egy k\\u00f6telez\\u0151 mez\\u0151\",\"global\":true}},\"terms-n-condition\":{\"required\":{\"value\":true,\"message\":\"This field is required\",\"global_message\":\"Ez egy k\\u00f6telez\\u0151 mez\\u0151\",\"global\":true}}},\"debounce_time\":300};\n                            <\/script>\n            <\/div>\n\t\t\t\t\t\t<\/div>\n\t\t\t\t\t<\/div>\n\t\t\t\t<\/div>\n\t\t\t\t<\/div>\n\t\t\t\t<\/div>\n\t\t<div class=\"elementor-element elementor-element-5cbad1a e-con-full e-flex cmsmasters-bg-hide-none cmsmasters-bg-hide-none cmsmasters-block-default e-con e-child\" data-id=\"5cbad1a\" data-element_type=\"container\" data-settings=\"{&quot;background_background&quot;:&quot;classic&quot;}\">\n\t\t\t\t<div class=\"elementor-element elementor-element-81dfc3c cmsmasters-block-default cmsmasters-sticky-default elementor-widget elementor-widget-spacer\" data-id=\"81dfc3c\" data-element_type=\"widget\" data-widget_type=\"spacer.default\">\n\t\t\t\t\t\t\t<div class=\"elementor-spacer\">\n\t\t\t<div class=\"elementor-spacer-inner\"><\/div>\n\t\t<\/div>\n\t\t\t\t\t\t<\/div>\n\t\t\t\t<\/div>\n\t\t\t\t<\/div>\n\t\t<div class=\"elementor-element elementor-element-0801bb9 e-flex e-con-boxed cmsmasters-block-default e-con e-parent\" data-id=\"0801bb9\" data-element_type=\"container\">\n\t\t\t\t\t<div class=\"e-con-inner\">\n\t\t\t\t\t<\/div>\n\t\t\t\t<\/div>\n\t\t\t\t<\/div>","protected":false},"excerpt":{"rendered":"<p>Checklist Checklist 2026-ban lakberendez\u0151t v\u00e1lasztasz? A PDF egy gyakorlatias, v\u00e9gigvezet\u0151 \u00fatmutat\u00f3 arr\u00f3l, hogyan v\u00e1lassz 2026-ban lakberendez\u0151t \u00fagy, hogy ne csak \u201esz\u00e9p l\u00e1tv\u00e1nytervet\u201d kapj, hanem m\u0171k\u00f6d\u0151k\u00e9pes, kivitelezhet\u0151 \u00e9s k\u00f6lts\u00e9gben is tervezhet\u0151 megold\u00e1st. Kifejezetten azoknak sz\u00f3l, akik sok inspir\u00e1ci\u00f3t gy\u0171jtenek online (Pinterest, lakberendez\u00e9si oldalak), de nehezen tudj\u00e1k meg\u00edt\u00e9lni, mi mennyire re\u00e1lis a saj\u00e1t ter\u00fckben \u00e9s keret\u00fckben.<\/p>","protected":false},"author":1,"featured_media":0,"parent":0,"menu_order":0,"comment_status":"closed","ping_status":"closed","template":"","meta":{"_acf_changed":false,"footnotes":""},"class_list":["post-38093","page","type-page","status-publish","hentry"],"acf":[],"_links":{"self":[{"href":"https:\/\/fejlesztes.heimstudio.hu\/de\/wp-json\/wp\/v2\/pages\/38093","targetHints":{"allow":["GET"]}}],"collection":[{"href":"https:\/\/fejlesztes.heimstudio.hu\/de\/wp-json\/wp\/v2\/pages"}],"about":[{"href":"https:\/\/fejlesztes.heimstudio.hu\/de\/wp-json\/wp\/v2\/types\/page"}],"author":[{"embeddable":true,"href":"https:\/\/fejlesztes.heimstudio.hu\/de\/wp-json\/wp\/v2\/users\/1"}],"replies":[{"embeddable":true,"href":"https:\/\/fejlesztes.heimstudio.hu\/de\/wp-json\/wp\/v2\/comments?post=38093"}],"version-history":[{"count":10,"href":"https:\/\/fejlesztes.heimstudio.hu\/de\/wp-json\/wp\/v2\/pages\/38093\/revisions"}],"predecessor-version":[{"id":41049,"href":"https:\/\/fejlesztes.heimstudio.hu\/de\/wp-json\/wp\/v2\/pages\/38093\/revisions\/41049"}],"wp:attachment":[{"href":"https:\/\/fejlesztes.heimstudio.hu\/de\/wp-json\/wp\/v2\/media?parent=38093"}],"curies":[{"name":"wp","href":"https:\/\/api.w.org\/{rel}","templated":true}]}}